{"id":1672,"date":"2024-11-28T18:18:49","date_gmt":"2024-11-28T23:18:49","guid":{"rendered":"https:\/\/devsite.datacracy.co\/?page_id=1672"},"modified":"2025-02-12T18:21:39","modified_gmt":"2025-02-12T23:21:39","slug":"airbyte","status":"publish","type":"page","link":"https:\/\/devsite.datacracy.co\/es\/soluciones\/airbyte\/","title":{"rendered":"Airbyte"},"content":{"rendered":"\t\t<div data-elementor-type=\"wp-page\" data-elementor-id=\"1672\" class=\"elementor elementor-1672\">\n\t\t\t\t<div class=\"elementor-element elementor-element-3a2d9063 e-con-full e-flex e-con e-parent\" data-id=\"3a2d9063\" data-element_type=\"container\" data-e-type=\"container\" data-settings=\"{&quot;background_background&quot;:&quot;classic&quot;}\">\n\t\t\t\t<div class=\"elementor-element elementor-element-42ada548 elementor-widget elementor-widget-spacer\" data-id=\"42ada548\" data-element_type=\"widget\" data-e-type=\"widget\" data-widget_type=\"spacer.default\">\n\t\t\t\t<div class=\"elementor-widget-container\">\n\t\t\t\t\t\t\t<div class=\"elementor-spacer\">\n\t\t\t<div class=\"elementor-spacer-inner\"><\/div>\n\t\t<\/div>\n\t\t\t\t\t\t<\/div>\n\t\t\t\t<\/div>\n\t\t\t\t<div class=\"elementor-element elementor-element-7d50f669 elementor-widget elementor-widget-image\" data-id=\"7d50f669\" data-element_type=\"widget\" data-e-type=\"widget\" data-widget_type=\"image.default\">\n\t\t\t\t<div class=\"elementor-widget-container\">\n\t\t\t\t\t\t\t\t\t\t\t\t\t\t\t<img fetchpriority=\"high\" decoding=\"async\" width=\"300\" height=\"168\" src=\"https:\/\/devsite.datacracy.co\/wp-content\/uploads\/2024\/11\/DATACRACY-LOGO-BN-e1732283126752-300x168.png\" class=\"attachment-medium size-medium wp-image-148\" alt=\"\" srcset=\"https:\/\/devsite.datacracy.co\/wp-content\/uploads\/2024\/11\/DATACRACY-LOGO-BN-e1732283126752-300x168.png 300w, https:\/\/devsite.datacracy.co\/wp-content\/uploads\/2024\/11\/DATACRACY-LOGO-BN-e1732283126752.png 693w\" sizes=\"(max-width: 300px) 100vw, 300px\" \/>\t\t\t\t\t\t\t\t\t\t\t\t\t\t\t<\/div>\n\t\t\t\t<\/div>\n\t\t\t\t<div class=\"elementor-element elementor-element-3112b9cd elementor-widget elementor-widget-heading\" data-id=\"3112b9cd\" data-element_type=\"widget\" data-e-type=\"widget\" data-widget_type=\"heading.default\">\n\t\t\t\t<div class=\"elementor-widget-container\">\n\t\t\t\t\t<h2 class=\"elementor-heading-title elementor-size-default\">PRODUCTOS<\/h2>\t\t\t\t<\/div>\n\t\t\t\t<\/div>\n\t\t\t\t<div class=\"elementor-element elementor-element-4b0dbc06 elementor-widget elementor-widget-spacer\" data-id=\"4b0dbc06\" data-element_type=\"widget\" data-e-type=\"widget\" data-widget_type=\"spacer.default\">\n\t\t\t\t<div class=\"elementor-widget-container\">\n\t\t\t\t\t\t\t<div class=\"elementor-spacer\">\n\t\t\t<div class=\"elementor-spacer-inner\"><\/div>\n\t\t<\/div>\n\t\t\t\t\t\t<\/div>\n\t\t\t\t<\/div>\n\t\t\t\t<\/div>\n\t\t<div class=\"elementor-element elementor-element-37c74d3 e-flex e-con-boxed e-con e-parent\" data-id=\"37c74d3\" data-element_type=\"container\" data-e-type=\"container\">\n\t\t\t\t\t<div class=\"e-con-inner\">\n\t\t\t\t<div class=\"elementor-element elementor-element-30e7e93 elementor-widget elementor-widget-spacer\" data-id=\"30e7e93\" data-element_type=\"widget\" data-e-type=\"widget\" data-widget_type=\"spacer.default\">\n\t\t\t\t<div class=\"elementor-widget-container\">\n\t\t\t\t\t\t\t<div class=\"elementor-spacer\">\n\t\t\t<div class=\"elementor-spacer-inner\"><\/div>\n\t\t<\/div>\n\t\t\t\t\t\t<\/div>\n\t\t\t\t<\/div>\n\t\t\t\t\t<\/div>\n\t\t\t\t<\/div>\n\t\t<div class=\"elementor-element elementor-element-24d1031 e-con-full e-flex e-con e-parent\" data-id=\"24d1031\" data-element_type=\"container\" data-e-type=\"container\">\n\t\t\t\t<div class=\"elementor-element elementor-element-5b4f723 elementor-widget elementor-widget-heading\" data-id=\"5b4f723\" data-element_type=\"widget\" data-e-type=\"widget\" data-widget_type=\"heading.default\">\n\t\t\t\t<div class=\"elementor-widget-container\">\n\t\t\t\t\t<h2 class=\"elementor-heading-title elementor-size-default\">Airbyte\n<\/h2>\t\t\t\t<\/div>\n\t\t\t\t<\/div>\n\t\t\t\t<div class=\"elementor-element elementor-element-2b44d6a elementor-widget elementor-widget-text-editor\" data-id=\"2b44d6a\" data-element_type=\"widget\" data-e-type=\"widget\" data-widget_type=\"text-editor.default\">\n\t\t\t\t<div class=\"elementor-widget-container\">\n\t\t\t\t\t\t\t\t\t<p><span style=\"white-space-collapse: preserve;\">Optimiza tus decisiones empresariales<\/span><\/p>\t\t\t\t\t\t\t\t<\/div>\n\t\t\t\t<\/div>\n\t\t\t\t<\/div>\n\t\t<div class=\"elementor-element elementor-element-9fef6cb e-con-full e-flex e-con e-parent\" data-id=\"9fef6cb\" data-element_type=\"container\" data-e-type=\"container\">\n\t\t<div class=\"elementor-element elementor-element-1508bb4 e-con-full elementor-hidden-mobile e-flex e-con e-child\" data-id=\"1508bb4\" data-element_type=\"container\" data-e-type=\"container\" data-settings=\"{&quot;background_background&quot;:&quot;classic&quot;}\">\n\t\t\t\t<\/div>\n\t\t<div class=\"elementor-element elementor-element-334e757 e-con-full e-flex e-con e-child\" data-id=\"334e757\" data-element_type=\"container\" data-e-type=\"container\">\n\t\t\t\t<div class=\"elementor-element elementor-element-756eb0a elementor-widget elementor-widget-eael-adv-tabs\" data-id=\"756eb0a\" data-element_type=\"widget\" data-e-type=\"widget\" data-widget_type=\"eael-adv-tabs.default\">\n\t\t\t\t<div class=\"elementor-widget-container\">\n\t\t\t\t\t        <div data-scroll-on-click=\"no\" data-scroll-speed=\"300\" id=\"eael-advance-tabs-756eb0a\" class=\"eael-advance-tabs eael-tabs-horizontal eael-tab-auto-active \" data-tabid=\"756eb0a\">\n            <div class=\"eael-tabs-nav \">\n                <ul class=\"\" role=\"tablist\">\n                                            <li id=\"descripcin\" class=\"inactive eael-tab-item-trigger eael-tab-nav-item\" aria-selected=\"true\" data-tab=\"1\" role=\"tab\" tabindex=\"0\" aria-controls=\"descripcin-tab\" aria-expanded=\"false\">\n                            \n                            \n                            \n                                                            <span class=\"eael-tab-title title-after-icon\" >Descripci\u00f3n<\/span>                                                    <\/li>\n                                            <li id=\"caractersticas-\" class=\"inactive eael-tab-item-trigger eael-tab-nav-item\" aria-selected=\"false\" data-tab=\"2\" role=\"tab\" tabindex=\"-1\" aria-controls=\"caractersticas--tab\" aria-expanded=\"false\">\n                            \n                            \n                            \n                                                            <span class=\"eael-tab-title title-after-icon\" >Caracter\u00edsticas <\/span>                                                    <\/li>\n                                            <li id=\"por-qu-elegir-airbyte\" class=\"inactive eael-tab-item-trigger eael-tab-nav-item\" aria-selected=\"false\" data-tab=\"3\" role=\"tab\" tabindex=\"-1\" aria-controls=\"por-qu-elegir-airbyte-tab\" aria-expanded=\"false\">\n                            \n                            \n                            \n                                                            <span class=\"eael-tab-title title-after-icon\" >\u00bfPor qu\u00e9 elegir Airbyte?<\/span>                                                    <\/li>\n                                            <li id=\"valor-aadido\" class=\"inactive eael-tab-item-trigger eael-tab-nav-item\" aria-selected=\"false\" data-tab=\"4\" role=\"tab\" tabindex=\"-1\" aria-controls=\"valor-aadido-tab\" aria-expanded=\"false\">\n                            \n                            \n                            \n                                                            <span class=\"eael-tab-title title-after-icon\" >Valor A\u00f1adido<\/span>                                                    <\/li>\n                    \n                                  <\/ul>\n            <\/div>\n            \n            <div class=\"eael-tabs-content\">\n\t\t        \n                    <div id=\"descripcin-tab\" class=\"clearfix eael-tab-content-item inactive\" data-title-link=\"descripcin-tab\">\n\t\t\t\t        <p><span style=\"font-weight: 400\">Plataforma de integraci\u00f3n de datos que facilita la transferencia autom\u00e1tica de datos desde diversas fuentes hacia un sistema centralizado de an\u00e1lisis.<\/span><\/p>                    <\/div>\n\t\t        \n                    <div id=\"caractersticas--tab\" class=\"clearfix eael-tab-content-item inactive\" data-title-link=\"caractersticas--tab\">\n\t\t\t\t        <ul><li>Conectores predise\u00f1ados y personalizados.<\/li><li>C\u00f3digo abierto, permitiendo personalizaci\u00f3n total.<\/li><li>Integraci\u00f3n con almacenes de datos como Snowflake, BigQuery, y Redshift.<\/li><li>Monitoreo y alertas avanzadas para una r\u00e1pida resoluci\u00f3n de problemas.<\/li><\/ul>                    <\/div>\n\t\t        \n                    <div id=\"por-qu-elegir-airbyte-tab\" class=\"clearfix eael-tab-content-item inactive\" data-title-link=\"por-qu-elegir-airbyte-tab\">\n\t\t\t\t        <p><span style=\"font-weight: 400\">Airbyte es una plataforma de integraci\u00f3n de datos de c\u00f3digo abierto dise\u00f1ada para simplificar y automatizar la transferencia de datos desde m\u00faltiples fuentes hacia un almac\u00e9n de datos o sistema de an\u00e1lisis. En DATACRACY, aprovechamos Airbyte para ayudar a las empresas a conectar diversas fuentes de datos y trasladar grandes vol\u00famenes de informaci\u00f3n de manera r\u00e1pida, eficiente y sin complicaciones.<\/span><\/p>                    <\/div>\n\t\t        \n                    <div id=\"valor-aadido-tab\" class=\"clearfix eael-tab-content-item inactive\" data-title-link=\"valor-aadido-tab\">\n\t\t\t\t        <p><span style=\"font-weight: 400\">Al utilizar Airbyte con el soporte de DATACRACY, logramos una integraci\u00f3n fluida y eficiente, eliminando la carga t\u00e9cnica de desarrollar conectores personalizados y optimizando la sincronizaci\u00f3n de datos en tiempo real. Esto permite a tu equipo enfocarse en obtener insights valiosos en lugar de gestionar flujos de datos complejos.<\/span><\/p>                    <\/div>\n\t\t                    <\/div>\n        <\/div>\n\t\t\t\t<\/div>\n\t\t\t\t<\/div>\n\t\t\t\t<\/div>\n\t\t\t\t<\/div>\n\t\t<div class=\"elementor-element elementor-element-83b88fa e-flex e-con-boxed e-con e-parent\" data-id=\"83b88fa\" data-element_type=\"container\" data-e-type=\"container\">\n\t\t\t\t\t<div class=\"e-con-inner\">\n\t\t\t\t<div class=\"elementor-element elementor-element-616f118 elementor-hidden-mobile elementor-widget elementor-widget-spacer\" data-id=\"616f118\" data-element_type=\"widget\" data-e-type=\"widget\" data-widget_type=\"spacer.default\">\n\t\t\t\t<div class=\"elementor-widget-container\">\n\t\t\t\t\t\t\t<div class=\"elementor-spacer\">\n\t\t\t<div class=\"elementor-spacer-inner\"><\/div>\n\t\t<\/div>\n\t\t\t\t\t\t<\/div>\n\t\t\t\t<\/div>\n\t\t\t\t\t<\/div>\n\t\t\t\t<\/div>\n\t\t<div class=\"elementor-element elementor-element-81cebfd e-flex e-con-boxed e-con e-parent\" data-id=\"81cebfd\" data-element_type=\"container\" data-e-type=\"container\">\n\t\t\t\t\t<div class=\"e-con-inner\">\n\t\t\t\t<div class=\"elementor-element elementor-element-68b0444 elementor-hidden-mobile elementor-widget elementor-widget-spacer\" data-id=\"68b0444\" data-element_type=\"widget\" data-e-type=\"widget\" data-widget_type=\"spacer.default\">\n\t\t\t\t<div class=\"elementor-widget-container\">\n\t\t\t\t\t\t\t<div class=\"elementor-spacer\">\n\t\t\t<div class=\"elementor-spacer-inner\"><\/div>\n\t\t<\/div>\n\t\t\t\t\t\t<\/div>\n\t\t\t\t<\/div>\n\t\t\t\t\t<\/div>\n\t\t\t\t<\/div>\n\t\t<div class=\"elementor-element elementor-element-e209768 e-con-full e-flex e-con e-parent\" data-id=\"e209768\" data-element_type=\"container\" data-e-type=\"container\">\n\t\t\t\t<div class=\"elementor-element elementor-element-c0c73ff elementor-widget elementor-widget-heading\" data-id=\"c0c73ff\" data-element_type=\"widget\" data-e-type=\"widget\" data-widget_type=\"heading.default\">\n\t\t\t\t<div class=\"elementor-widget-container\">\n\t\t\t\t\t<h2 class=\"elementor-heading-title elementor-size-default\">C\u00f3mo Airbyte simplifica la integraci\u00f3n de datos\n<\/h2>\t\t\t\t<\/div>\n\t\t\t\t<\/div>\n\t\t\t\t<div class=\"elementor-element elementor-element-02e09e4 elementor-widget elementor-widget-text-editor\" data-id=\"02e09e4\" data-element_type=\"widget\" data-e-type=\"widget\" data-widget_type=\"text-editor.default\">\n\t\t\t\t<div class=\"elementor-widget-container\">\n\t\t\t\t\t\t\t\t\t<p><span style=\"white-space-collapse: preserve;\">Optimiza tus decisiones empresariales<\/span><\/p>\t\t\t\t\t\t\t\t<\/div>\n\t\t\t\t<\/div>\n\t\t\t\t<\/div>\n\t\t<div class=\"elementor-element elementor-element-c74b26c e-con-full e-flex e-con e-parent\" data-id=\"c74b26c\" data-element_type=\"container\" data-e-type=\"container\">\n\t\t<div class=\"elementor-element elementor-element-278f89b e-con-full elementor-hidden-mobile e-flex e-con e-child\" data-id=\"278f89b\" data-element_type=\"container\" data-e-type=\"container\">\n\t\t\t\t<\/div>\n\t\t<div class=\"elementor-element elementor-element-b6272ea e-con-full e-flex e-con e-child\" data-id=\"b6272ea\" data-element_type=\"container\" data-e-type=\"container\">\n\t\t<div class=\"elementor-element elementor-element-64cdbbe e-con-full e-flex e-con e-child\" data-id=\"64cdbbe\" data-element_type=\"container\" data-e-type=\"container\">\n\t\t\t\t<div class=\"elementor-element elementor-element-6cfe03c elementor-widget elementor-widget-text-editor\" data-id=\"6cfe03c\" data-element_type=\"widget\" data-e-type=\"widget\" data-widget_type=\"text-editor.default\">\n\t\t\t\t<div class=\"elementor-widget-container\">\n\t\t\t\t\t\t\t\t\t<p>Airbyte permite la ingesta de datos desde diferentes plataformas y herramientas a una ubicaci\u00f3n centralizada, facilitando el acceso a datos actualizados para an\u00e1lisis y decisiones estrat\u00e9gicas. Aqu\u00ed te mostramos c\u00f3mo Airbyte optimiza la integraci\u00f3n de datos:<\/p><ul><li>Integraci\u00f3n r\u00e1pida y automatizada: Airbyte ofrece una extensa biblioteca de conectores predise\u00f1ados, permitiendo integrar datos de fuentes como Salesforce, Google Analytics, MySQL y m\u00e1s.<\/li><li>Escalabilidad y flexibilidad: Airbyte escala f\u00e1cilmente para manejar mayores vol\u00famenes de informaci\u00f3n, adapt\u00e1ndose a los cambios de tu empresa sin perder rendimiento.<\/li><li>Sincronizaci\u00f3n autom\u00e1tica: Automatizamos la sincronizaci\u00f3n de tus datos, garantizando que siempre est\u00e9n actualizados en tu almac\u00e9n de datos o sistema de an\u00e1lisis sin intervenci\u00f3n manual.<\/li><\/ul>\t\t\t\t\t\t\t\t<\/div>\n\t\t\t\t<\/div>\n\t\t\t\t<\/div>\n\t\t\t\t<\/div>\n\t\t<div class=\"elementor-element elementor-element-32d6763 e-con-full e-flex e-con e-child\" data-id=\"32d6763\" data-element_type=\"container\" data-e-type=\"container\">\n\t\t\t\t<div class=\"elementor-element elementor-element-d110af1 elementor-widget elementor-widget-image\" data-id=\"d110af1\" data-element_type=\"widget\" data-e-type=\"widget\" data-widget_type=\"image.default\">\n\t\t\t\t<div class=\"elementor-widget-container\">\n\t\t\t\t\t\t\t\t\t\t\t\t\t\t\t<img decoding=\"async\" width=\"1024\" height=\"617\" src=\"https:\/\/devsite.datacracy.co\/wp-content\/uploads\/2024\/11\/job-5382501_1920-1024x617.jpg\" class=\"attachment-large size-large wp-image-667\" alt=\"\" srcset=\"https:\/\/devsite.datacracy.co\/wp-content\/uploads\/2024\/11\/job-5382501_1920-1024x617.jpg 1024w, https:\/\/devsite.datacracy.co\/wp-content\/uploads\/2024\/11\/job-5382501_1920-300x181.jpg 300w, https:\/\/devsite.datacracy.co\/wp-content\/uploads\/2024\/11\/job-5382501_1920-768x462.jpg 768w, https:\/\/devsite.datacracy.co\/wp-content\/uploads\/2024\/11\/job-5382501_1920-1536x925.jpg 1536w, https:\/\/devsite.datacracy.co\/wp-content\/uploads\/2024\/11\/job-5382501_1920.jpg 1920w\" sizes=\"(max-width: 1024px) 100vw, 1024px\" \/>\t\t\t\t\t\t\t\t\t\t\t\t\t\t\t<\/div>\n\t\t\t\t<\/div>\n\t\t\t\t<\/div>\n\t\t\t\t<\/div>\n\t\t<div class=\"elementor-element elementor-element-19ad9f9 e-flex e-con-boxed e-con e-parent\" data-id=\"19ad9f9\" data-element_type=\"container\" data-e-type=\"container\">\n\t\t\t\t\t<div class=\"e-con-inner\">\n\t\t\t\t<div class=\"elementor-element elementor-element-dfa5377 elementor-widget elementor-widget-spacer\" data-id=\"dfa5377\" data-element_type=\"widget\" data-e-type=\"widget\" data-widget_type=\"spacer.default\">\n\t\t\t\t<div class=\"elementor-widget-container\">\n\t\t\t\t\t\t\t<div class=\"elementor-spacer\">\n\t\t\t<div class=\"elementor-spacer-inner\"><\/div>\n\t\t<\/div>\n\t\t\t\t\t\t<\/div>\n\t\t\t\t<\/div>\n\t\t\t\t\t<\/div>\n\t\t\t\t<\/div>\n\t\t\t\t<\/div>\n\t\t","protected":false},"excerpt":{"rendered":"<p>PRODUCTOS Airbyte Optimiza tus decisiones empresariales Descripci\u00f3n Caracter\u00edsticas \u00bfPor qu\u00e9 elegir Airbyte? Valor A\u00f1adido Plataforma de integraci\u00f3n de datos que [&hellip;]<\/p>\n","protected":false},"author":1,"featured_media":0,"parent":552,"menu_order":0,"comment_status":"closed","ping_status":"closed","template":"","meta":{"_eb_attr":"","site-sidebar-layout":"no-sidebar","site-content-layout":"","ast-site-content-layout":"full-width-container","site-content-style":"default","site-sidebar-style":"default","ast-global-header-display":"","ast-banner-title-visibility":"","ast-main-header-display":"","ast-hfb-above-header-display":"","ast-hfb-below-header-display":"","ast-hfb-mobile-header-display":"","site-post-title":"disabled","ast-breadcrumbs-content":"","ast-featured-img":"disabled","footer-sml-layout":"","theme-transparent-header-meta":"","adv-header-id-meta":"","stick-header-meta":"","header-above-stick-meta":"","header-main-stick-meta":"","header-below-stick-meta":"","astra-migrate-meta-layouts":"default","ast-page-background-enabled":"default","ast-page-background-meta":{"desktop":{"background-color":"var(--ast-global-color-4)","background-image":"","background-repeat":"repeat","background-position":"center center","background-size":"auto","background-attachment":"scroll","background-type":"","background-media":"","overlay-type":"","overlay-color":"","overlay-opacity":"","overlay-gradient":""},"tablet":{"background-color":"","background-image":"","background-repeat":"repeat","background-position":"center center","background-size":"auto","background-attachment":"scroll","background-type":"","background-media":"","overlay-type":"","overlay-color":"","overlay-opacity":"","overlay-gradient":""},"mobile":{"background-color":"","background-image":"","background-repeat":"repeat","background-position":"center center","background-size":"auto","background-attachment":"scroll","background-type":"","background-media":"","overlay-type":"","overlay-color":"","overlay-opacity":"","overlay-gradient":""}},"ast-content-background-meta":{"desktop":{"background-color":"var(--ast-global-color-5)","background-image":"","background-repeat":"repeat","background-position":"center center","background-size":"auto","background-attachment":"scroll","background-type":"","background-media":"","overlay-type":"","overlay-color":"","overlay-opacity":"","overlay-gradient":""},"tablet":{"background-color":"var(--ast-global-color-5)","background-image":"","background-repeat":"repeat","background-position":"center center","background-size":"auto","background-attachment":"scroll","background-type":"","background-media":"","overlay-type":"","overlay-color":"","overlay-opacity":"","overlay-gradient":""},"mobile":{"background-color":"var(--ast-global-color-5)","background-image":"","background-repeat":"repeat","background-position":"center center","background-size":"auto","background-attachment":"scroll","background-type":"","background-media":"","overlay-type":"","overlay-color":"","overlay-opacity":"","overlay-gradient":""}},"footnotes":""},"class_list":["post-1672","page","type-page","status-publish","hentry"],"_links":{"self":[{"href":"https:\/\/devsite.datacracy.co\/es\/wp-json\/wp\/v2\/pages\/1672","targetHints":{"allow":["GET"]}}],"collection":[{"href":"https:\/\/devsite.datacracy.co\/es\/wp-json\/wp\/v2\/pages"}],"about":[{"href":"https:\/\/devsite.datacracy.co\/es\/wp-json\/wp\/v2\/types\/page"}],"author":[{"embeddable":true,"href":"https:\/\/devsite.datacracy.co\/es\/wp-json\/wp\/v2\/users\/1"}],"replies":[{"embeddable":true,"href":"https:\/\/devsite.datacracy.co\/es\/wp-json\/wp\/v2\/comments?post=1672"}],"version-history":[{"count":40,"href":"https:\/\/devsite.datacracy.co\/es\/wp-json\/wp\/v2\/pages\/1672\/revisions"}],"predecessor-version":[{"id":2520,"href":"https:\/\/devsite.datacracy.co\/es\/wp-json\/wp\/v2\/pages\/1672\/revisions\/2520"}],"up":[{"embeddable":true,"href":"https:\/\/devsite.datacracy.co\/es\/wp-json\/wp\/v2\/pages\/552"}],"wp:attachment":[{"href":"https:\/\/devsite.datacracy.co\/es\/wp-json\/wp\/v2\/media?parent=1672"}],"curies":[{"name":"wp","href":"https:\/\/api.w.org\/{rel}","templated":true}]}}