{"id":1464,"date":"2024-11-28T11:30:28","date_gmt":"2024-11-28T16:30:28","guid":{"rendered":"https:\/\/devsite.datacracy.co\/?page_id=1464"},"modified":"2025-02-12T18:17:46","modified_gmt":"2025-02-12T23:17:46","slug":"accordia","status":"publish","type":"page","link":"https:\/\/devsite.datacracy.co\/es\/soluciones\/accordia\/","title":{"rendered":"Accordia"},"content":{"rendered":"\t\t<div data-elementor-type=\"wp-page\" data-elementor-id=\"1464\" class=\"elementor elementor-1464\">\n\t\t\t\t<div class=\"elementor-element elementor-element-3a2d9063 e-con-full e-flex e-con e-parent\" data-id=\"3a2d9063\" data-element_type=\"container\" data-e-type=\"container\" data-settings=\"{&quot;background_background&quot;:&quot;classic&quot;}\">\n\t\t\t\t<div class=\"elementor-element elementor-element-42ada548 elementor-widget elementor-widget-spacer\" data-id=\"42ada548\" data-element_type=\"widget\" data-e-type=\"widget\" data-widget_type=\"spacer.default\">\n\t\t\t\t<div class=\"elementor-widget-container\">\n\t\t\t\t\t\t\t<div class=\"elementor-spacer\">\n\t\t\t<div class=\"elementor-spacer-inner\"><\/div>\n\t\t<\/div>\n\t\t\t\t\t\t<\/div>\n\t\t\t\t<\/div>\n\t\t\t\t<div class=\"elementor-element elementor-element-7d50f669 elementor-widget elementor-widget-image\" data-id=\"7d50f669\" data-element_type=\"widget\" data-e-type=\"widget\" data-widget_type=\"image.default\">\n\t\t\t\t<div class=\"elementor-widget-container\">\n\t\t\t\t\t\t\t\t\t\t\t\t\t\t\t<img fetchpriority=\"high\" decoding=\"async\" width=\"300\" height=\"168\" src=\"https:\/\/devsite.datacracy.co\/wp-content\/uploads\/2024\/11\/DATACRACY-LOGO-BN-e1732283126752-300x168.png\" class=\"attachment-medium size-medium wp-image-148\" alt=\"\" srcset=\"https:\/\/devsite.datacracy.co\/wp-content\/uploads\/2024\/11\/DATACRACY-LOGO-BN-e1732283126752-300x168.png 300w, https:\/\/devsite.datacracy.co\/wp-content\/uploads\/2024\/11\/DATACRACY-LOGO-BN-e1732283126752.png 693w\" sizes=\"(max-width: 300px) 100vw, 300px\" \/>\t\t\t\t\t\t\t\t\t\t\t\t\t\t\t<\/div>\n\t\t\t\t<\/div>\n\t\t\t\t<div class=\"elementor-element elementor-element-3112b9cd elementor-widget elementor-widget-heading\" data-id=\"3112b9cd\" data-element_type=\"widget\" data-e-type=\"widget\" data-widget_type=\"heading.default\">\n\t\t\t\t<div class=\"elementor-widget-container\">\n\t\t\t\t\t<h2 class=\"elementor-heading-title elementor-size-default\">PRODUCTOS<\/h2>\t\t\t\t<\/div>\n\t\t\t\t<\/div>\n\t\t\t\t<div class=\"elementor-element elementor-element-4b0dbc06 elementor-widget elementor-widget-spacer\" data-id=\"4b0dbc06\" data-element_type=\"widget\" data-e-type=\"widget\" data-widget_type=\"spacer.default\">\n\t\t\t\t<div class=\"elementor-widget-container\">\n\t\t\t\t\t\t\t<div class=\"elementor-spacer\">\n\t\t\t<div class=\"elementor-spacer-inner\"><\/div>\n\t\t<\/div>\n\t\t\t\t\t\t<\/div>\n\t\t\t\t<\/div>\n\t\t\t\t<\/div>\n\t\t<div class=\"elementor-element elementor-element-37c74d3 e-flex e-con-boxed e-con e-parent\" data-id=\"37c74d3\" data-element_type=\"container\" data-e-type=\"container\">\n\t\t\t\t\t<div class=\"e-con-inner\">\n\t\t\t\t<div class=\"elementor-element elementor-element-30e7e93 elementor-widget elementor-widget-spacer\" data-id=\"30e7e93\" data-element_type=\"widget\" data-e-type=\"widget\" data-widget_type=\"spacer.default\">\n\t\t\t\t<div class=\"elementor-widget-container\">\n\t\t\t\t\t\t\t<div class=\"elementor-spacer\">\n\t\t\t<div class=\"elementor-spacer-inner\"><\/div>\n\t\t<\/div>\n\t\t\t\t\t\t<\/div>\n\t\t\t\t<\/div>\n\t\t\t\t\t<\/div>\n\t\t\t\t<\/div>\n\t\t<div class=\"elementor-element elementor-element-24d1031 e-con-full e-flex e-con e-parent\" data-id=\"24d1031\" data-element_type=\"container\" data-e-type=\"container\">\n\t\t\t\t<div class=\"elementor-element elementor-element-5b4f723 elementor-widget elementor-widget-heading\" data-id=\"5b4f723\" data-element_type=\"widget\" data-e-type=\"widget\" data-widget_type=\"heading.default\">\n\t\t\t\t<div class=\"elementor-widget-container\">\n\t\t\t\t\t<h2 class=\"elementor-heading-title elementor-size-default\">Accordia\n<\/h2>\t\t\t\t<\/div>\n\t\t\t\t<\/div>\n\t\t\t\t<div class=\"elementor-element elementor-element-2b44d6a elementor-widget elementor-widget-text-editor\" data-id=\"2b44d6a\" data-element_type=\"widget\" data-e-type=\"widget\" data-widget_type=\"text-editor.default\">\n\t\t\t\t<div class=\"elementor-widget-container\">\n\t\t\t\t\t\t\t\t\t<p><span style=\"white-space-collapse: preserve;\">Optimiza tus decisiones empresariales<\/span><\/p>\t\t\t\t\t\t\t\t<\/div>\n\t\t\t\t<\/div>\n\t\t\t\t<\/div>\n\t\t<div class=\"elementor-element elementor-element-9fef6cb e-con-full e-flex e-con e-parent\" data-id=\"9fef6cb\" data-element_type=\"container\" data-e-type=\"container\">\n\t\t<div class=\"elementor-element elementor-element-1508bb4 e-con-full elementor-hidden-mobile e-flex e-con e-child\" data-id=\"1508bb4\" data-element_type=\"container\" data-e-type=\"container\" data-settings=\"{&quot;background_background&quot;:&quot;classic&quot;}\">\n\t\t\t\t<\/div>\n\t\t<div class=\"elementor-element elementor-element-334e757 e-con-full e-flex e-con e-child\" data-id=\"334e757\" data-element_type=\"container\" data-e-type=\"container\">\n\t\t\t\t<div class=\"elementor-element elementor-element-756eb0a elementor-widget elementor-widget-eael-adv-tabs\" data-id=\"756eb0a\" data-element_type=\"widget\" data-e-type=\"widget\" data-widget_type=\"eael-adv-tabs.default\">\n\t\t\t\t<div class=\"elementor-widget-container\">\n\t\t\t\t\t        <div data-scroll-on-click=\"no\" data-scroll-speed=\"300\" id=\"eael-advance-tabs-756eb0a\" class=\"eael-advance-tabs eael-tabs-horizontal eael-tab-auto-active \" data-tabid=\"756eb0a\">\n            <div class=\"eael-tabs-nav \">\n                <ul class=\"\" role=\"tablist\">\n                                            <li id=\"descripcin\" class=\"inactive eael-tab-item-trigger eael-tab-nav-item\" aria-selected=\"true\" data-tab=\"1\" role=\"tab\" tabindex=\"0\" aria-controls=\"descripcin-tab\" aria-expanded=\"false\">\n                            \n                            \n                            \n                                                            <span class=\"eael-tab-title title-after-icon\" >Descripci\u00f3n<\/span>                                                    <\/li>\n                                            <li id=\"caractersticas-\" class=\"inactive eael-tab-item-trigger eael-tab-nav-item\" aria-selected=\"false\" data-tab=\"2\" role=\"tab\" tabindex=\"-1\" aria-controls=\"caractersticas--tab\" aria-expanded=\"false\">\n                            \n                            \n                            \n                                                            <span class=\"eael-tab-title title-after-icon\" >Caracter\u00edsticas <\/span>                                                    <\/li>\n                                            <li id=\"valor-aadido\" class=\"inactive eael-tab-item-trigger eael-tab-nav-item\" aria-selected=\"false\" data-tab=\"3\" role=\"tab\" tabindex=\"-1\" aria-controls=\"valor-aadido-tab\" aria-expanded=\"false\">\n                            \n                            \n                            \n                                                            <span class=\"eael-tab-title title-after-icon\" >Valor A\u00f1adido<\/span>                                                    <\/li>\n                    \n                                  <\/ul>\n            <\/div>\n            \n            <div class=\"eael-tabs-content\">\n\t\t        \n                    <div id=\"descripcin-tab\" class=\"clearfix eael-tab-content-item inactive\" data-title-link=\"descripcin-tab\">\n\t\t\t\t        <p><span style=\"font-weight: 400\">Soluci\u00f3n avanzada en procesamiento de datos. Nuestra Plataforma acelera la ingesta de datos en batch y en tiempo real, empleando los m\u00e1s altos est\u00e1ndares y tecnolog\u00edas lideres como Spark y Python.<\/span><\/p><p><span style=\"font-weight: 400\">Accordia es una plataforma poderosa que acelera el procesamiento y la ingesta de datos, tanto en batch como en tiempo real, utilizando tecnolog\u00edas l\u00edderes como Spark y Python. Esta soluci\u00f3n est\u00e1 dise\u00f1ada para gestionar flujos de datos de gran escala, ofreciendo a las empresas informaci\u00f3n en tiempo real para optimizar la toma de decisiones con mayor precisi\u00f3n y rapidez.<\/span><\/p>                    <\/div>\n\t\t        \n                    <div id=\"caractersticas--tab\" class=\"clearfix eael-tab-content-item inactive\" data-title-link=\"caractersticas--tab\">\n\t\t\t\t        <ul><li><span style=\"font-weight: 400\">Gesti\u00f3n avanzada de ingesta en tiempo real para asegurar que los datos est\u00e9n siempre actualizados.<\/span><\/li><li style=\"font-weight: 400\"><span style=\"font-weight: 400\">Despliegue y mantenimiento simplificados, lo que garantiza una operaci\u00f3n continua y sin interrupciones.<\/span><\/li><li style=\"font-weight: 400\"><span style=\"font-weight: 400\">Soporte operativo robusto, ofreciendo un rendimiento confiable y estable.<\/span><\/li><li style=\"font-weight: 400\"><span style=\"font-weight: 400\">Optimizaci\u00f3n en la toma de decisiones, con acceso a datos casi en tiempo real para reaccionar r\u00e1pidamente a cambios en el negocio.<\/span><\/li><li style=\"font-weight: 400\"><span style=\"font-weight: 400\">Compatibilidad con Snowflake y Databricks, facilitando una implementaci\u00f3n flexible en las principales plataformas del mercado.<\/span><\/li><\/ul>                    <\/div>\n\t\t        \n                    <div id=\"valor-aadido-tab\" class=\"clearfix eael-tab-content-item inactive\" data-title-link=\"valor-aadido-tab\">\n\t\t\t\t        <p><span style=\"font-weight: 400\">Accordia combina tecnolog\u00eda de vanguardia con procesos \u00e1giles y expertos en datos, permitiendo a las empresas adaptarse r\u00e1pidamente al entorno de negocios en constante evoluci\u00f3n. <\/span><\/p><p><span style=\"font-weight: 400\">Con Accordia, se acelera la capacidad de an\u00e1lisis en tiempo real, proporcionando una ventaja competitiva en la toma de decisiones basada en datos actualizados.<\/span><\/p>                    <\/div>\n\t\t                    <\/div>\n        <\/div>\n\t\t\t\t<\/div>\n\t\t\t\t<\/div>\n\t\t\t\t<\/div>\n\t\t\t\t<\/div>\n\t\t<div class=\"elementor-element elementor-element-83b88fa e-flex e-con-boxed e-con e-parent\" data-id=\"83b88fa\" data-element_type=\"container\" data-e-type=\"container\">\n\t\t\t\t\t<div class=\"e-con-inner\">\n\t\t\t\t<div class=\"elementor-element elementor-element-616f118 elementor-widget elementor-widget-spacer\" data-id=\"616f118\" data-element_type=\"widget\" data-e-type=\"widget\" data-widget_type=\"spacer.default\">\n\t\t\t\t<div class=\"elementor-widget-container\">\n\t\t\t\t\t\t\t<div class=\"elementor-spacer\">\n\t\t\t<div class=\"elementor-spacer-inner\"><\/div>\n\t\t<\/div>\n\t\t\t\t\t\t<\/div>\n\t\t\t\t<\/div>\n\t\t\t\t\t<\/div>\n\t\t\t\t<\/div>\n\t\t\t\t<\/div>\n\t\t","protected":false},"excerpt":{"rendered":"<p>PRODUCTOS Accordia Optimiza tus decisiones empresariales Descripci\u00f3n Caracter\u00edsticas Valor A\u00f1adido Soluci\u00f3n avanzada en procesamiento de datos. Nuestra Plataforma acelera la [&hellip;]<\/p>\n","protected":false},"author":1,"featured_media":0,"parent":552,"menu_order":0,"comment_status":"closed","ping_status":"closed","template":"","meta":{"_eb_attr":"","site-sidebar-layout":"no-sidebar","site-content-layout":"","ast-site-content-layout":"full-width-container","site-content-style":"default","site-sidebar-style":"default","ast-global-header-display":"","ast-banner-title-visibility":"","ast-main-header-display":"","ast-hfb-above-header-display":"","ast-hfb-below-header-display":"","ast-hfb-mobile-header-display":"","site-post-title":"disabled","ast-breadcrumbs-content":"","ast-featured-img":"disabled","footer-sml-layout":"","theme-transparent-header-meta":"","adv-header-id-meta":"","stick-header-meta":"","header-above-stick-meta":"","header-main-stick-meta":"","header-below-stick-meta":"","astra-migrate-meta-layouts":"default","ast-page-background-enabled":"default","ast-page-background-meta":{"desktop":{"background-color":"var(--ast-global-color-4)","background-image":"","background-repeat":"repeat","background-position":"center center","background-size":"auto","background-attachment":"scroll","background-type":"","background-media":"","overlay-type":"","overlay-color":"","overlay-opacity":"","overlay-gradient":""},"tablet":{"background-color":"","background-image":"","background-repeat":"repeat","background-position":"center center","background-size":"auto","background-attachment":"scroll","background-type":"","background-media":"","overlay-type":"","overlay-color":"","overlay-opacity":"","overlay-gradient":""},"mobile":{"background-color":"","background-image":"","background-repeat":"repeat","background-position":"center center","background-size":"auto","background-attachment":"scroll","background-type":"","background-media":"","overlay-type":"","overlay-color":"","overlay-opacity":"","overlay-gradient":""}},"ast-content-background-meta":{"desktop":{"background-color":"var(--ast-global-color-5)","background-image":"","background-repeat":"repeat","background-position":"center center","background-size":"auto","background-attachment":"scroll","background-type":"","background-media":"","overlay-type":"","overlay-color":"","overlay-opacity":"","overlay-gradient":""},"tablet":{"background-color":"var(--ast-global-color-5)","background-image":"","background-repeat":"repeat","background-position":"center center","background-size":"auto","background-attachment":"scroll","background-type":"","background-media":"","overlay-type":"","overlay-color":"","overlay-opacity":"","overlay-gradient":""},"mobile":{"background-color":"var(--ast-global-color-5)","background-image":"","background-repeat":"repeat","background-position":"center center","background-size":"auto","background-attachment":"scroll","background-type":"","background-media":"","overlay-type":"","overlay-color":"","overlay-opacity":"","overlay-gradient":""}},"footnotes":""},"class_list":["post-1464","page","type-page","status-publish","hentry"],"_links":{"self":[{"href":"https:\/\/devsite.datacracy.co\/es\/wp-json\/wp\/v2\/pages\/1464","targetHints":{"allow":["GET"]}}],"collection":[{"href":"https:\/\/devsite.datacracy.co\/es\/wp-json\/wp\/v2\/pages"}],"about":[{"href":"https:\/\/devsite.datacracy.co\/es\/wp-json\/wp\/v2\/types\/page"}],"author":[{"embeddable":true,"href":"https:\/\/devsite.datacracy.co\/es\/wp-json\/wp\/v2\/users\/1"}],"replies":[{"embeddable":true,"href":"https:\/\/devsite.datacracy.co\/es\/wp-json\/wp\/v2\/comments?post=1464"}],"version-history":[{"count":28,"href":"https:\/\/devsite.datacracy.co\/es\/wp-json\/wp\/v2\/pages\/1464\/revisions"}],"predecessor-version":[{"id":2511,"href":"https:\/\/devsite.datacracy.co\/es\/wp-json\/wp\/v2\/pages\/1464\/revisions\/2511"}],"up":[{"embeddable":true,"href":"https:\/\/devsite.datacracy.co\/es\/wp-json\/wp\/v2\/pages\/552"}],"wp:attachment":[{"href":"https:\/\/devsite.datacracy.co\/es\/wp-json\/wp\/v2\/media?parent=1464"}],"curies":[{"name":"wp","href":"https:\/\/api.w.org\/{rel}","templated":true}]}}