{"id":1463,"date":"2024-11-28T11:30:05","date_gmt":"2024-11-28T16:30:05","guid":{"rendered":"https:\/\/devsite.datacracy.co\/?page_id=1463"},"modified":"2025-02-12T18:18:14","modified_gmt":"2025-02-12T23:18:14","slug":"nexus","status":"publish","type":"page","link":"https:\/\/devsite.datacracy.co\/es\/soluciones\/nexus\/","title":{"rendered":"Nexus"},"content":{"rendered":"\t\t<div data-elementor-type=\"wp-page\" data-elementor-id=\"1463\" class=\"elementor elementor-1463\">\n\t\t\t\t<div class=\"elementor-element elementor-element-3a2d9063 e-con-full e-flex e-con e-parent\" data-id=\"3a2d9063\" data-element_type=\"container\" data-e-type=\"container\" data-settings=\"{&quot;background_background&quot;:&quot;classic&quot;}\">\n\t\t\t\t<div class=\"elementor-element elementor-element-42ada548 elementor-widget elementor-widget-spacer\" data-id=\"42ada548\" data-element_type=\"widget\" data-e-type=\"widget\" data-widget_type=\"spacer.default\">\n\t\t\t\t<div class=\"elementor-widget-container\">\n\t\t\t\t\t\t\t<div class=\"elementor-spacer\">\n\t\t\t<div class=\"elementor-spacer-inner\"><\/div>\n\t\t<\/div>\n\t\t\t\t\t\t<\/div>\n\t\t\t\t<\/div>\n\t\t\t\t<div class=\"elementor-element elementor-element-7d50f669 elementor-widget elementor-widget-image\" data-id=\"7d50f669\" data-element_type=\"widget\" data-e-type=\"widget\" data-widget_type=\"image.default\">\n\t\t\t\t<div class=\"elementor-widget-container\">\n\t\t\t\t\t\t\t\t\t\t\t\t\t\t\t<img fetchpriority=\"high\" decoding=\"async\" width=\"300\" height=\"168\" src=\"https:\/\/devsite.datacracy.co\/wp-content\/uploads\/2024\/11\/DATACRACY-LOGO-BN-e1732283126752-300x168.png\" class=\"attachment-medium size-medium wp-image-148\" alt=\"\" srcset=\"https:\/\/devsite.datacracy.co\/wp-content\/uploads\/2024\/11\/DATACRACY-LOGO-BN-e1732283126752-300x168.png 300w, https:\/\/devsite.datacracy.co\/wp-content\/uploads\/2024\/11\/DATACRACY-LOGO-BN-e1732283126752.png 693w\" sizes=\"(max-width: 300px) 100vw, 300px\" \/>\t\t\t\t\t\t\t\t\t\t\t\t\t\t\t<\/div>\n\t\t\t\t<\/div>\n\t\t\t\t<div class=\"elementor-element elementor-element-3112b9cd elementor-widget elementor-widget-heading\" data-id=\"3112b9cd\" data-element_type=\"widget\" data-e-type=\"widget\" data-widget_type=\"heading.default\">\n\t\t\t\t<div class=\"elementor-widget-container\">\n\t\t\t\t\t<h2 class=\"elementor-heading-title elementor-size-default\">PRODUCTOS<\/h2>\t\t\t\t<\/div>\n\t\t\t\t<\/div>\n\t\t\t\t<div class=\"elementor-element elementor-element-4b0dbc06 elementor-widget elementor-widget-spacer\" data-id=\"4b0dbc06\" data-element_type=\"widget\" data-e-type=\"widget\" data-widget_type=\"spacer.default\">\n\t\t\t\t<div class=\"elementor-widget-container\">\n\t\t\t\t\t\t\t<div class=\"elementor-spacer\">\n\t\t\t<div class=\"elementor-spacer-inner\"><\/div>\n\t\t<\/div>\n\t\t\t\t\t\t<\/div>\n\t\t\t\t<\/div>\n\t\t\t\t<\/div>\n\t\t<div class=\"elementor-element elementor-element-37c74d3 e-flex e-con-boxed e-con e-parent\" data-id=\"37c74d3\" data-element_type=\"container\" data-e-type=\"container\">\n\t\t\t\t\t<div class=\"e-con-inner\">\n\t\t\t\t<div class=\"elementor-element elementor-element-30e7e93 elementor-widget elementor-widget-spacer\" data-id=\"30e7e93\" data-element_type=\"widget\" data-e-type=\"widget\" data-widget_type=\"spacer.default\">\n\t\t\t\t<div class=\"elementor-widget-container\">\n\t\t\t\t\t\t\t<div class=\"elementor-spacer\">\n\t\t\t<div class=\"elementor-spacer-inner\"><\/div>\n\t\t<\/div>\n\t\t\t\t\t\t<\/div>\n\t\t\t\t<\/div>\n\t\t\t\t\t<\/div>\n\t\t\t\t<\/div>\n\t\t<div class=\"elementor-element elementor-element-24d1031 e-con-full e-flex e-con e-parent\" data-id=\"24d1031\" data-element_type=\"container\" data-e-type=\"container\">\n\t\t\t\t<div class=\"elementor-element elementor-element-5b4f723 elementor-widget elementor-widget-heading\" data-id=\"5b4f723\" data-element_type=\"widget\" data-e-type=\"widget\" data-widget_type=\"heading.default\">\n\t\t\t\t<div class=\"elementor-widget-container\">\n\t\t\t\t\t<h2 class=\"elementor-heading-title elementor-size-default\">Nexus<\/h2>\t\t\t\t<\/div>\n\t\t\t\t<\/div>\n\t\t\t\t<div class=\"elementor-element elementor-element-2b44d6a elementor-widget elementor-widget-text-editor\" data-id=\"2b44d6a\" data-element_type=\"widget\" data-e-type=\"widget\" data-widget_type=\"text-editor.default\">\n\t\t\t\t<div class=\"elementor-widget-container\">\n\t\t\t\t\t\t\t\t\t<p><span style=\"white-space-collapse: preserve;\">Optimiza tus decisiones empresariales<\/span><\/p>\t\t\t\t\t\t\t\t<\/div>\n\t\t\t\t<\/div>\n\t\t\t\t<\/div>\n\t\t<div class=\"elementor-element elementor-element-c280984 e-con-full e-flex e-con e-parent\" data-id=\"c280984\" data-element_type=\"container\" data-e-type=\"container\">\n\t\t<div class=\"elementor-element elementor-element-454ce17 e-con-full elementor-hidden-mobile e-flex e-con e-child\" data-id=\"454ce17\" data-element_type=\"container\" data-e-type=\"container\" data-settings=\"{&quot;background_background&quot;:&quot;classic&quot;}\">\n\t\t\t\t<\/div>\n\t\t<div class=\"elementor-element elementor-element-917a842 e-con-full e-flex e-con e-child\" data-id=\"917a842\" data-element_type=\"container\" data-e-type=\"container\">\n\t\t\t\t<div class=\"elementor-element elementor-element-3ef27d8 elementor-widget elementor-widget-eael-adv-tabs\" data-id=\"3ef27d8\" data-element_type=\"widget\" data-e-type=\"widget\" data-widget_type=\"eael-adv-tabs.default\">\n\t\t\t\t<div class=\"elementor-widget-container\">\n\t\t\t\t\t        <div data-scroll-on-click=\"no\" data-scroll-speed=\"300\" id=\"eael-advance-tabs-3ef27d8\" class=\"eael-advance-tabs eael-tabs-horizontal eael-tab-auto-active \" data-tabid=\"3ef27d8\">\n            <div class=\"eael-tabs-nav \">\n                <ul class=\"\" role=\"tablist\">\n                                            <li id=\"descripcin\" class=\"inactive eael-tab-item-trigger eael-tab-nav-item\" aria-selected=\"true\" data-tab=\"1\" role=\"tab\" tabindex=\"0\" aria-controls=\"descripcin-tab\" aria-expanded=\"false\">\n                            \n                            \n                            \n                                                            <span class=\"eael-tab-title title-after-icon\" >Descripci\u00f3n<\/span>                                                    <\/li>\n                                            <li id=\"caractersticas-\" class=\"inactive eael-tab-item-trigger eael-tab-nav-item\" aria-selected=\"false\" data-tab=\"2\" role=\"tab\" tabindex=\"-1\" aria-controls=\"caractersticas--tab\" aria-expanded=\"false\">\n                            \n                            \n                            \n                                                            <span class=\"eael-tab-title title-after-icon\" >Caracter\u00edsticas <\/span>                                                    <\/li>\n                                            <li id=\"valor-aadido\" class=\"inactive eael-tab-item-trigger eael-tab-nav-item\" aria-selected=\"false\" data-tab=\"3\" role=\"tab\" tabindex=\"-1\" aria-controls=\"valor-aadido-tab\" aria-expanded=\"false\">\n                            \n                            \n                            \n                                                            <span class=\"eael-tab-title title-after-icon\" >Valor A\u00f1adido<\/span>                                                    <\/li>\n                    \n                                  <\/ul>\n            <\/div>\n            \n            <div class=\"eael-tabs-content\">\n\t\t        \n                    <div id=\"descripcin-tab\" class=\"clearfix eael-tab-content-item inactive\" data-title-link=\"descripcin-tab\">\n\t\t\t\t        <p>Plataforma de gobernanza de datos que garantiza la calidad, trazabilidad y observabilidad mediante integraci\u00f3n automatizada, proporcionando una gesti\u00f3n eficiente y adaptable a empresas de cualquier tama\u00f1o.<\/p><p>Nexus es una plataforma integral que transforma la gobernanza de datos, enfoc\u00e1ndose en tres pilares esenciales: observabilidad, calidad y trazabilidad. Con herramientas avanzadas para la integraci\u00f3n y orquestaci\u00f3n de datos, Nexus asegura una gesti\u00f3n eficiente del ciclo de vida de los datos, proporcionando visibilidad y control a trav\u00e9s de la automatizaci\u00f3n y la innovaci\u00f3n.<\/p>                    <\/div>\n\t\t        \n                    <div id=\"caractersticas--tab\" class=\"clearfix eael-tab-content-item inactive\" data-title-link=\"caractersticas--tab\">\n\t\t\t\t        <ul><li>Integraci\u00f3n y orquestaci\u00f3n de datos para una gesti\u00f3n fluida y eficiente, asegurando consistencia en los flujos de datos.<\/li><li>Lineaje de datos que garantiza trazabilidad y confianza en cada etapa del proceso de datos.<\/li><li>Herramientas de autoservicio para perfilamiento y aseguramiento de la calidad de los datos.<br \/>Automatizaci\u00f3n de procesos que reduce la carga operativa y maximiza la eficiencia en la gobernanza de datos.<\/li><li>Escalabilidad adaptable, lo que permite que Nexus se ajuste a las necesidades de empresas de todos los tama\u00f1os.<\/li><li>Compatibilidad con Snowflake y Databricks, ofreciendo una implementaci\u00f3n flexible y eficiente en estas plataformas l\u00edderes.<\/li><\/ul>                    <\/div>\n\t\t        \n                    <div id=\"valor-aadido-tab\" class=\"clearfix eael-tab-content-item inactive\" data-title-link=\"valor-aadido-tab\">\n\t\t\t\t        <p>Nexus combina procesos automatizados, expertos en datos y tecnolog\u00eda avanzada para proporcionar una gobernanza de datos de alto nivel. Al mejorar la calidad, trazabilidad y eficiencia en la gesti\u00f3n de datos, Nexus permite a las empresas implementar una estrategia de datos m\u00e1s s\u00f3lida y escalable.<\/p>                    <\/div>\n\t\t                    <\/div>\n        <\/div>\n\t\t\t\t<\/div>\n\t\t\t\t<\/div>\n\t\t\t\t<\/div>\n\t\t\t\t<\/div>\n\t\t<div class=\"elementor-element elementor-element-4774bbd e-flex e-con-boxed e-con e-parent\" data-id=\"4774bbd\" data-element_type=\"container\" data-e-type=\"container\">\n\t\t\t\t\t<div class=\"e-con-inner\">\n\t\t\t\t<div class=\"elementor-element elementor-element-e769cdb elementor-widget elementor-widget-spacer\" data-id=\"e769cdb\" data-element_type=\"widget\" data-e-type=\"widget\" data-widget_type=\"spacer.default\">\n\t\t\t\t<div class=\"elementor-widget-container\">\n\t\t\t\t\t\t\t<div class=\"elementor-spacer\">\n\t\t\t<div class=\"elementor-spacer-inner\"><\/div>\n\t\t<\/div>\n\t\t\t\t\t\t<\/div>\n\t\t\t\t<\/div>\n\t\t\t\t\t<\/div>\n\t\t\t\t<\/div>\n\t\t\t\t<\/div>\n\t\t","protected":false},"excerpt":{"rendered":"<p>PRODUCTOS Nexus Optimiza tus decisiones empresariales Descripci\u00f3n Caracter\u00edsticas Valor A\u00f1adido Plataforma de gobernanza de datos que garantiza la calidad, trazabilidad [&hellip;]<\/p>\n","protected":false},"author":1,"featured_media":0,"parent":552,"menu_order":0,"comment_status":"closed","ping_status":"closed","template":"","meta":{"_eb_attr":"","site-sidebar-layout":"no-sidebar","site-content-layout":"","ast-site-content-layout":"full-width-container","site-content-style":"default","site-sidebar-style":"default","ast-global-header-display":"","ast-banner-title-visibility":"","ast-main-header-display":"","ast-hfb-above-header-display":"","ast-hfb-below-header-display":"","ast-hfb-mobile-header-display":"","site-post-title":"disabled","ast-breadcrumbs-content":"","ast-featured-img":"disabled","footer-sml-layout":"","theme-transparent-header-meta":"","adv-header-id-meta":"","stick-header-meta":"","header-above-stick-meta":"","header-main-stick-meta":"","header-below-stick-meta":"","astra-migrate-meta-layouts":"default","ast-page-background-enabled":"default","ast-page-background-meta":{"desktop":{"background-color":"var(--ast-global-color-4)","background-image":"","background-repeat":"repeat","background-position":"center center","background-size":"auto","background-attachment":"scroll","background-type":"","background-media":"","overlay-type":"","overlay-color":"","overlay-opacity":"","overlay-gradient":""},"tablet":{"background-color":"","background-image":"","background-repeat":"repeat","background-position":"center center","background-size":"auto","background-attachment":"scroll","background-type":"","background-media":"","overlay-type":"","overlay-color":"","overlay-opacity":"","overlay-gradient":""},"mobile":{"background-color":"","background-image":"","background-repeat":"repeat","background-position":"center center","background-size":"auto","background-attachment":"scroll","background-type":"","background-media":"","overlay-type":"","overlay-color":"","overlay-opacity":"","overlay-gradient":""}},"ast-content-background-meta":{"desktop":{"background-color":"var(--ast-global-color-5)","background-image":"","background-repeat":"repeat","background-position":"center center","background-size":"auto","background-attachment":"scroll","background-type":"","background-media":"","overlay-type":"","overlay-color":"","overlay-opacity":"","overlay-gradient":""},"tablet":{"background-color":"var(--ast-global-color-5)","background-image":"","background-repeat":"repeat","background-position":"center center","background-size":"auto","background-attachment":"scroll","background-type":"","background-media":"","overlay-type":"","overlay-color":"","overlay-opacity":"","overlay-gradient":""},"mobile":{"background-color":"var(--ast-global-color-5)","background-image":"","background-repeat":"repeat","background-position":"center center","background-size":"auto","background-attachment":"scroll","background-type":"","background-media":"","overlay-type":"","overlay-color":"","overlay-opacity":"","overlay-gradient":""}},"footnotes":""},"class_list":["post-1463","page","type-page","status-publish","hentry"],"_links":{"self":[{"href":"https:\/\/devsite.datacracy.co\/es\/wp-json\/wp\/v2\/pages\/1463","targetHints":{"allow":["GET"]}}],"collection":[{"href":"https:\/\/devsite.datacracy.co\/es\/wp-json\/wp\/v2\/pages"}],"about":[{"href":"https:\/\/devsite.datacracy.co\/es\/wp-json\/wp\/v2\/types\/page"}],"author":[{"embeddable":true,"href":"https:\/\/devsite.datacracy.co\/es\/wp-json\/wp\/v2\/users\/1"}],"replies":[{"embeddable":true,"href":"https:\/\/devsite.datacracy.co\/es\/wp-json\/wp\/v2\/comments?post=1463"}],"version-history":[{"count":28,"href":"https:\/\/devsite.datacracy.co\/es\/wp-json\/wp\/v2\/pages\/1463\/revisions"}],"predecessor-version":[{"id":2514,"href":"https:\/\/devsite.datacracy.co\/es\/wp-json\/wp\/v2\/pages\/1463\/revisions\/2514"}],"up":[{"embeddable":true,"href":"https:\/\/devsite.datacracy.co\/es\/wp-json\/wp\/v2\/pages\/552"}],"wp:attachment":[{"href":"https:\/\/devsite.datacracy.co\/es\/wp-json\/wp\/v2\/media?parent=1463"}],"curies":[{"name":"wp","href":"https:\/\/api.w.org\/{rel}","templated":true}]}}